{"id":1004,"date":"2025-03-30T19:00:04","date_gmt":"2025-03-30T17:00:04","guid":{"rendered":"https:\/\/leatherandbones.pl\/?post_type=product&#038;p=1004"},"modified":"2025-03-30T19:03:02","modified_gmt":"2025-03-30T17:03:02","slug":"pasek-klasyczny-black-logo","status":"publish","type":"product","link":"https:\/\/leatherandbones.pl\/?product=pasek-klasyczny-black-logo","title":{"rendered":"Pasek klasyczny Black Logo"},"content":{"rendered":"<p>Pasek sk\u00f3ra bydl\u0119ca, klamra mosi\u0105dz odlewany.<\/p>\n<p>Rozmiar 100-118 cm<\/p>\n","protected":false},"excerpt":{"rendered":"<p>Pasek sk\u00f3ra bydl\u0119ca, klamra mosi\u0105dz odlewany. Rozmiar 100-118 cm<\/p>\n","protected":false},"featured_media":1005,"template":"","meta":[],"product_brand":[],"product_cat":[21],"product_tag":[],"class_list":{"0":"post-1004","1":"product","2":"type-product","3":"status-publish","4":"has-post-thumbnail","6":"product_cat-paski","7":"product_shipping_class-paski","9":"first","10":"instock","11":"shipping-taxable","12":"purchasable","13":"product-type-simple"},"_links":{"self":[{"href":"https:\/\/leatherandbones.pl\/index.php?rest_route=\/wp\/v2\/product\/1004","targetHints":{"allow":["GET"]}}],"collection":[{"href":"https:\/\/leatherandbones.pl\/index.php?rest_route=\/wp\/v2\/product"}],"about":[{"href":"https:\/\/leatherandbones.pl\/index.php?rest_route=\/wp\/v2\/types\/product"}],"wp:featuredmedia":[{"embeddable":true,"href":"https:\/\/leatherandbones.pl\/index.php?rest_route=\/wp\/v2\/media\/1005"}],"wp:attachment":[{"href":"https:\/\/leatherandbones.pl\/index.php?rest_route=%2Fwp%2Fv2%2Fmedia&parent=1004"}],"wp:term":[{"taxonomy":"product_brand","embeddable":true,"href":"https:\/\/leatherandbones.pl\/index.php?rest_route=%2Fwp%2Fv2%2Fproduct_brand&post=1004"},{"taxonomy":"product_cat","embeddable":true,"href":"https:\/\/leatherandbones.pl\/index.php?rest_route=%2Fwp%2Fv2%2Fproduct_cat&post=1004"},{"taxonomy":"product_tag","embeddable":true,"href":"https:\/\/leatherandbones.pl\/index.php?rest_route=%2Fwp%2Fv2%2Fproduct_tag&post=1004"}],"curies":[{"name":"wp","href":"https:\/\/api.w.org\/{rel}","templated":true}]}}