{"id":434,"date":"2024-11-22T19:04:51","date_gmt":"2024-11-22T18:04:51","guid":{"rendered":"https:\/\/leatherandbones.pl\/?post_type=product&#038;p=434"},"modified":"2024-12-30T10:39:13","modified_gmt":"2024-12-30T09:39:13","slug":"bransoleta","status":"publish","type":"product","link":"https:\/\/leatherandbones.pl\/?product=bransoleta","title":{"rendered":"Bransoleta"},"content":{"rendered":"<p>Bransoleta sk\u00f3rzana, r\u0119cznie t\u0142oczona.<\/p>\n<p>szeroko\u015b\u0107 3,3 cm<\/p>\n<p>Obw\u00f3d nadgarstka 21-22 cm<\/p>\n","protected":false},"excerpt":{"rendered":"<p>Bransoleta sk\u00f3rzana, r\u0119cznie t\u0142oczona. szeroko\u015b\u0107 3,3 cm Obw\u00f3d nadgarstka 21-22 cm<\/p>\n","protected":false},"featured_media":436,"template":"","meta":[],"product_brand":[],"product_cat":[28],"product_tag":[],"class_list":{"0":"post-434","1":"product","2":"type-product","3":"status-publish","4":"has-post-thumbnail","6":"product_cat-bransolety","8":"first","9":"onbackorder","10":"shipping-taxable","11":"purchasable","12":"product-type-simple"},"_links":{"self":[{"href":"https:\/\/leatherandbones.pl\/index.php?rest_route=\/wp\/v2\/product\/434","targetHints":{"allow":["GET"]}}],"collection":[{"href":"https:\/\/leatherandbones.pl\/index.php?rest_route=\/wp\/v2\/product"}],"about":[{"href":"https:\/\/leatherandbones.pl\/index.php?rest_route=\/wp\/v2\/types\/product"}],"wp:featuredmedia":[{"embeddable":true,"href":"https:\/\/leatherandbones.pl\/index.php?rest_route=\/wp\/v2\/media\/436"}],"wp:attachment":[{"href":"https:\/\/leatherandbones.pl\/index.php?rest_route=%2Fwp%2Fv2%2Fmedia&parent=434"}],"wp:term":[{"taxonomy":"product_brand","embeddable":true,"href":"https:\/\/leatherandbones.pl\/index.php?rest_route=%2Fwp%2Fv2%2Fproduct_brand&post=434"},{"taxonomy":"product_cat","embeddable":true,"href":"https:\/\/leatherandbones.pl\/index.php?rest_route=%2Fwp%2Fv2%2Fproduct_cat&post=434"},{"taxonomy":"product_tag","embeddable":true,"href":"https:\/\/leatherandbones.pl\/index.php?rest_route=%2Fwp%2Fv2%2Fproduct_tag&post=434"}],"curies":[{"name":"wp","href":"https:\/\/api.w.org\/{rel}","templated":true}]}}