{"id":449,"date":"2024-11-22T19:36:41","date_gmt":"2024-11-22T18:36:41","guid":{"rendered":"https:\/\/leatherandbones.pl\/?post_type=product&#038;p=449"},"modified":"2024-12-30T11:04:56","modified_gmt":"2024-12-30T10:04:56","slug":"pasek-czarny","status":"publish","type":"product","link":"https:\/\/leatherandbones.pl\/?product=pasek-czarny","title":{"rendered":"Pasek czarny"},"content":{"rendered":"<p>Pasek wykonany ze sk\u00f3ry bydl\u0119cej grubo\u015bci 4,5 mm , r\u0119cznie farbowany.<\/p>\n<p>Obw\u00f3d 92 &#8211; 107 cm<\/p>\n<p>Szeroko\u015b\u0107 3,8 cm<\/p>\n","protected":false},"excerpt":{"rendered":"<p>Pasek wykonany ze sk\u00f3ry bydl\u0119cej grubo\u015bci 4,5 mm , r\u0119cznie farbowany. Obw\u00f3d 92 &#8211; 107 cm Szeroko\u015b\u0107 3,8 cm<\/p>\n","protected":false},"featured_media":450,"template":"","meta":[],"product_brand":[],"product_cat":[21],"product_tag":[],"class_list":{"0":"post-449","1":"product","2":"type-product","3":"status-publish","4":"has-post-thumbnail","6":"product_cat-paski","8":"first","9":"instock","10":"shipping-taxable","11":"purchasable","12":"product-type-simple"},"_links":{"self":[{"href":"https:\/\/leatherandbones.pl\/index.php?rest_route=\/wp\/v2\/product\/449","targetHints":{"allow":["GET"]}}],"collection":[{"href":"https:\/\/leatherandbones.pl\/index.php?rest_route=\/wp\/v2\/product"}],"about":[{"href":"https:\/\/leatherandbones.pl\/index.php?rest_route=\/wp\/v2\/types\/product"}],"wp:featuredmedia":[{"embeddable":true,"href":"https:\/\/leatherandbones.pl\/index.php?rest_route=\/wp\/v2\/media\/450"}],"wp:attachment":[{"href":"https:\/\/leatherandbones.pl\/index.php?rest_route=%2Fwp%2Fv2%2Fmedia&parent=449"}],"wp:term":[{"taxonomy":"product_brand","embeddable":true,"href":"https:\/\/leatherandbones.pl\/index.php?rest_route=%2Fwp%2Fv2%2Fproduct_brand&post=449"},{"taxonomy":"product_cat","embeddable":true,"href":"https:\/\/leatherandbones.pl\/index.php?rest_route=%2Fwp%2Fv2%2Fproduct_cat&post=449"},{"taxonomy":"product_tag","embeddable":true,"href":"https:\/\/leatherandbones.pl\/index.php?rest_route=%2Fwp%2Fv2%2Fproduct_tag&post=449"}],"curies":[{"name":"wp","href":"https:\/\/api.w.org\/{rel}","templated":true}]}}