{"id":454,"date":"2024-11-22T19:45:37","date_gmt":"2024-11-22T18:45:37","guid":{"rendered":"https:\/\/leatherandbones.pl\/?post_type=product&#038;p=454"},"modified":"2025-02-05T10:34:03","modified_gmt":"2025-02-05T09:34:03","slug":"pasek-motherfucker","status":"publish","type":"product","link":"https:\/\/leatherandbones.pl\/?product=pasek-motherfucker","title":{"rendered":"Pasek MOTHERFUCKER"},"content":{"rendered":"<p>Pasek wykonany ze sk\u00f3ry bydl\u0119cej grubo\u015bci 5 mm , r\u0119cznie t\u0142oczony i farbowany.<\/p>\n<p>Obw\u00f3d 88 &#8211; 103 cm<\/p>\n<p>Szeroko\u015b\u0107 3,8 cm<\/p>\n","protected":false},"excerpt":{"rendered":"<p>Pasek wykonany ze sk\u00f3ry bydl\u0119cej grubo\u015bci 5 mm , r\u0119cznie t\u0142oczony i farbowany. Obw\u00f3d 88 &#8211; 103 cm Szeroko\u015b\u0107 3,8 cm<\/p>\n","protected":false},"featured_media":455,"template":"","meta":[],"product_brand":[],"product_cat":[21],"product_tag":[],"class_list":{"0":"post-454","1":"product","2":"type-product","3":"status-publish","4":"has-post-thumbnail","6":"product_cat-paski","7":"product_shipping_class-paski","9":"first","10":"instock","11":"shipping-taxable","12":"purchasable","13":"product-type-simple"},"_links":{"self":[{"href":"https:\/\/leatherandbones.pl\/index.php?rest_route=\/wp\/v2\/product\/454","targetHints":{"allow":["GET"]}}],"collection":[{"href":"https:\/\/leatherandbones.pl\/index.php?rest_route=\/wp\/v2\/product"}],"about":[{"href":"https:\/\/leatherandbones.pl\/index.php?rest_route=\/wp\/v2\/types\/product"}],"wp:featuredmedia":[{"embeddable":true,"href":"https:\/\/leatherandbones.pl\/index.php?rest_route=\/wp\/v2\/media\/455"}],"wp:attachment":[{"href":"https:\/\/leatherandbones.pl\/index.php?rest_route=%2Fwp%2Fv2%2Fmedia&parent=454"}],"wp:term":[{"taxonomy":"product_brand","embeddable":true,"href":"https:\/\/leatherandbones.pl\/index.php?rest_route=%2Fwp%2Fv2%2Fproduct_brand&post=454"},{"taxonomy":"product_cat","embeddable":true,"href":"https:\/\/leatherandbones.pl\/index.php?rest_route=%2Fwp%2Fv2%2Fproduct_cat&post=454"},{"taxonomy":"product_tag","embeddable":true,"href":"https:\/\/leatherandbones.pl\/index.php?rest_route=%2Fwp%2Fv2%2Fproduct_tag&post=454"}],"curies":[{"name":"wp","href":"https:\/\/api.w.org\/{rel}","templated":true}]}}