{"id":478,"date":"2024-11-22T22:26:11","date_gmt":"2024-11-22T21:26:11","guid":{"rendered":"https:\/\/leatherandbones.pl\/?post_type=product&#038;p=478"},"modified":"2025-03-30T18:13:49","modified_gmt":"2025-03-30T16:13:49","slug":"portfel-profilowany-skull","status":"publish","type":"product","link":"https:\/\/leatherandbones.pl\/?product=portfel-profilowany-skull","title":{"rendered":"Portfel profilowany Skull"},"content":{"rendered":"<p>Portfel wykonany ze sk\u00f3ry bydl\u0119cej, r\u0119cznie szyty i t\u0142oczony.<\/p>\n<p>\u0141a\u0144cuch pleciony r\u0119cznie, d\u0142ugo\u015bci 38 cm.<\/p>\n<p>-kieszonka na bilon<\/p>\n<p>-7 przegr\u00f3dek na karty<\/p>\n<p>-2 przegr\u00f3dki na banknoty<\/p>\n<p>18 x 9,5 x 1cm<\/p>\n<p>Czas realizacji 14 dni.<\/p>\n","protected":false},"excerpt":{"rendered":"<p>Portfel wykonany ze sk\u00f3ry bydl\u0119cej, r\u0119cznie szyty i t\u0142oczony. \u0141a\u0144cuch pleciony r\u0119cznie, d\u0142ugo\u015bci 38 cm. -kieszonka na bilon -7 przegr\u00f3dek na karty -2 przegr\u00f3dki na banknoty 18 x 9,5 x 1cm Czas realizacji 14 dni.<\/p>\n","protected":false},"featured_media":502,"template":"","meta":[],"product_brand":[],"product_cat":[20],"product_tag":[],"class_list":{"0":"post-478","1":"product","2":"type-product","3":"status-publish","4":"has-post-thumbnail","6":"product_cat-portfele","7":"product_shipping_class-portfel","9":"first","10":"onbackorder","11":"shipping-taxable","12":"purchasable","13":"product-type-simple"},"_links":{"self":[{"href":"https:\/\/leatherandbones.pl\/index.php?rest_route=\/wp\/v2\/product\/478","targetHints":{"allow":["GET"]}}],"collection":[{"href":"https:\/\/leatherandbones.pl\/index.php?rest_route=\/wp\/v2\/product"}],"about":[{"href":"https:\/\/leatherandbones.pl\/index.php?rest_route=\/wp\/v2\/types\/product"}],"wp:featuredmedia":[{"embeddable":true,"href":"https:\/\/leatherandbones.pl\/index.php?rest_route=\/wp\/v2\/media\/502"}],"wp:attachment":[{"href":"https:\/\/leatherandbones.pl\/index.php?rest_route=%2Fwp%2Fv2%2Fmedia&parent=478"}],"wp:term":[{"taxonomy":"product_brand","embeddable":true,"href":"https:\/\/leatherandbones.pl\/index.php?rest_route=%2Fwp%2Fv2%2Fproduct_brand&post=478"},{"taxonomy":"product_cat","embeddable":true,"href":"https:\/\/leatherandbones.pl\/index.php?rest_route=%2Fwp%2Fv2%2Fproduct_cat&post=478"},{"taxonomy":"product_tag","embeddable":true,"href":"https:\/\/leatherandbones.pl\/index.php?rest_route=%2Fwp%2Fv2%2Fproduct_tag&post=478"}],"curies":[{"name":"wp","href":"https:\/\/api.w.org\/{rel}","templated":true}]}}