{"id":486,"date":"2024-11-22T22:33:11","date_gmt":"2024-11-22T21:33:11","guid":{"rendered":"https:\/\/leatherandbones.pl\/?post_type=product&#038;p=486"},"modified":"2025-02-05T10:39:41","modified_gmt":"2025-02-05T09:39:41","slug":"lancuch-do-portfela-1","status":"publish","type":"product","link":"https:\/\/leatherandbones.pl\/?product=lancuch-do-portfela-1","title":{"rendered":"\u0141a\u0144cuch do portfela 1"},"content":{"rendered":"<p>Czarny \u0142a\u0144cuch metalowy, r\u0119cznie zaplatany, d\u0142ugo\u015b\u0107 33 cm.<\/p>\n","protected":false},"excerpt":{"rendered":"<p>Czarny \u0142a\u0144cuch metalowy, r\u0119cznie zaplatany, d\u0142ugo\u015b\u0107 33 cm.<\/p>\n","protected":false},"featured_media":487,"template":"","meta":[],"product_brand":[],"product_cat":[24],"product_tag":[],"class_list":{"0":"post-486","1":"product","2":"type-product","3":"status-publish","4":"has-post-thumbnail","6":"product_cat-lancuchy","7":"product_shipping_class-lancuchy","9":"first","10":"instock","11":"shipping-taxable","12":"purchasable","13":"product-type-simple"},"_links":{"self":[{"href":"https:\/\/leatherandbones.pl\/index.php?rest_route=\/wp\/v2\/product\/486","targetHints":{"allow":["GET"]}}],"collection":[{"href":"https:\/\/leatherandbones.pl\/index.php?rest_route=\/wp\/v2\/product"}],"about":[{"href":"https:\/\/leatherandbones.pl\/index.php?rest_route=\/wp\/v2\/types\/product"}],"wp:featuredmedia":[{"embeddable":true,"href":"https:\/\/leatherandbones.pl\/index.php?rest_route=\/wp\/v2\/media\/487"}],"wp:attachment":[{"href":"https:\/\/leatherandbones.pl\/index.php?rest_route=%2Fwp%2Fv2%2Fmedia&parent=486"}],"wp:term":[{"taxonomy":"product_brand","embeddable":true,"href":"https:\/\/leatherandbones.pl\/index.php?rest_route=%2Fwp%2Fv2%2Fproduct_brand&post=486"},{"taxonomy":"product_cat","embeddable":true,"href":"https:\/\/leatherandbones.pl\/index.php?rest_route=%2Fwp%2Fv2%2Fproduct_cat&post=486"},{"taxonomy":"product_tag","embeddable":true,"href":"https:\/\/leatherandbones.pl\/index.php?rest_route=%2Fwp%2Fv2%2Fproduct_tag&post=486"}],"curies":[{"name":"wp","href":"https:\/\/api.w.org\/{rel}","templated":true}]}}