{"id":489,"date":"2024-11-22T22:36:13","date_gmt":"2024-11-22T21:36:13","guid":{"rendered":"https:\/\/leatherandbones.pl\/?post_type=product&#038;p=489"},"modified":"2025-02-05T10:42:17","modified_gmt":"2025-02-05T09:42:17","slug":"lancuch-do-portfela-logo","status":"publish","type":"product","link":"https:\/\/leatherandbones.pl\/?product=lancuch-do-portfela-logo","title":{"rendered":"\u0141a\u0144cuch do portfela LOGO"},"content":{"rendered":"<p>\u0141a\u0144cuch r\u0119cznie zaplatany ze sk\u00f3rzanym logo.<\/p>\n<p>D\u0142ugo\u015b\u0107 33 cm.<\/p>\n<p>Produkt na zam\u00f3wienie, czas realizacji ok 5 dni roboczych.<\/p>\n","protected":false},"excerpt":{"rendered":"<p>\u0141a\u0144cuch r\u0119cznie zaplatany ze sk\u00f3rzanym logo. D\u0142ugo\u015b\u0107 33 cm. Produkt na zam\u00f3wienie, czas realizacji ok 5 dni roboczych.<\/p>\n","protected":false},"featured_media":490,"template":"","meta":[],"product_brand":[],"product_cat":[24],"product_tag":[],"class_list":{"0":"post-489","1":"product","2":"type-product","3":"status-publish","4":"has-post-thumbnail","6":"product_cat-lancuchy","7":"product_shipping_class-lancuchy","9":"first","10":"onbackorder","11":"shipping-taxable","12":"purchasable","13":"product-type-simple"},"_links":{"self":[{"href":"https:\/\/leatherandbones.pl\/index.php?rest_route=\/wp\/v2\/product\/489","targetHints":{"allow":["GET"]}}],"collection":[{"href":"https:\/\/leatherandbones.pl\/index.php?rest_route=\/wp\/v2\/product"}],"about":[{"href":"https:\/\/leatherandbones.pl\/index.php?rest_route=\/wp\/v2\/types\/product"}],"wp:featuredmedia":[{"embeddable":true,"href":"https:\/\/leatherandbones.pl\/index.php?rest_route=\/wp\/v2\/media\/490"}],"wp:attachment":[{"href":"https:\/\/leatherandbones.pl\/index.php?rest_route=%2Fwp%2Fv2%2Fmedia&parent=489"}],"wp:term":[{"taxonomy":"product_brand","embeddable":true,"href":"https:\/\/leatherandbones.pl\/index.php?rest_route=%2Fwp%2Fv2%2Fproduct_brand&post=489"},{"taxonomy":"product_cat","embeddable":true,"href":"https:\/\/leatherandbones.pl\/index.php?rest_route=%2Fwp%2Fv2%2Fproduct_cat&post=489"},{"taxonomy":"product_tag","embeddable":true,"href":"https:\/\/leatherandbones.pl\/index.php?rest_route=%2Fwp%2Fv2%2Fproduct_tag&post=489"}],"curies":[{"name":"wp","href":"https:\/\/api.w.org\/{rel}","templated":true}]}}