{"id":492,"date":"2024-11-22T22:46:48","date_gmt":"2024-11-22T21:46:48","guid":{"rendered":"https:\/\/leatherandbones.pl\/?post_type=product&#038;p=492"},"modified":"2025-03-30T18:12:11","modified_gmt":"2025-03-30T16:12:11","slug":"damska-torebka-nerka-indian","status":"publish","type":"product","link":"https:\/\/leatherandbones.pl\/?product=damska-torebka-nerka-indian","title":{"rendered":"Damska torebka\/nerka INDIAN"},"content":{"rendered":"<p>Torebka sk\u00f3rzana, nerka\u00a0 z paskiem, wykonana ze sk\u00f3ry bydl\u0119cej t\u0142oczonej na krokodyla.<\/p>\n<p>18 x 21 x 5 cm<\/p>\n","protected":false},"excerpt":{"rendered":"<p>Torebka sk\u00f3rzana, nerka\u00a0 z paskiem, wykonana ze sk\u00f3ry bydl\u0119cej t\u0142oczonej na krokodyla. 18 x 21 x 5 cm<\/p>\n","protected":false},"featured_media":493,"template":"","meta":[],"product_brand":[],"product_cat":[22],"product_tag":[],"class_list":{"0":"post-492","1":"product","2":"type-product","3":"status-publish","4":"has-post-thumbnail","6":"product_cat-saszetki","7":"product_shipping_class-saszetki","9":"first","10":"instock","11":"sale","12":"shipping-taxable","13":"purchasable","14":"product-type-simple"},"_links":{"self":[{"href":"https:\/\/leatherandbones.pl\/index.php?rest_route=\/wp\/v2\/product\/492","targetHints":{"allow":["GET"]}}],"collection":[{"href":"https:\/\/leatherandbones.pl\/index.php?rest_route=\/wp\/v2\/product"}],"about":[{"href":"https:\/\/leatherandbones.pl\/index.php?rest_route=\/wp\/v2\/types\/product"}],"wp:featuredmedia":[{"embeddable":true,"href":"https:\/\/leatherandbones.pl\/index.php?rest_route=\/wp\/v2\/media\/493"}],"wp:attachment":[{"href":"https:\/\/leatherandbones.pl\/index.php?rest_route=%2Fwp%2Fv2%2Fmedia&parent=492"}],"wp:term":[{"taxonomy":"product_brand","embeddable":true,"href":"https:\/\/leatherandbones.pl\/index.php?rest_route=%2Fwp%2Fv2%2Fproduct_brand&post=492"},{"taxonomy":"product_cat","embeddable":true,"href":"https:\/\/leatherandbones.pl\/index.php?rest_route=%2Fwp%2Fv2%2Fproduct_cat&post=492"},{"taxonomy":"product_tag","embeddable":true,"href":"https:\/\/leatherandbones.pl\/index.php?rest_route=%2Fwp%2Fv2%2Fproduct_tag&post=492"}],"curies":[{"name":"wp","href":"https:\/\/api.w.org\/{rel}","templated":true}]}}