{"id":547,"date":"2024-11-24T13:14:36","date_gmt":"2024-11-24T12:14:36","guid":{"rendered":"https:\/\/leatherandbones.pl\/?post_type=product&#038;p=547"},"modified":"2025-03-30T18:10:52","modified_gmt":"2025-03-30T16:10:52","slug":"portfel-biker-skull-2","status":"publish","type":"product","link":"https:\/\/leatherandbones.pl\/?product=portfel-biker-skull-2","title":{"rendered":"Portfel biker skull 2"},"content":{"rendered":"<p>Portfel wykonany ze sk\u00f3ry bydl\u0119cej, r\u0119cznie szyty i t\u0142oczony.<\/p>\n<p>\u0141a\u0144cuch pleciony r\u0119cznie, d\u0142ugo\u015bci 38 cm.<\/p>\n<p>-kieszonka na bilon<\/p>\n<p>-7 przegr\u00f3dek na karty<\/p>\n<p>-2 przegr\u00f3dki na banknoty<\/p>\n<p>18 x 9,5 x 1cm<\/p>\n","protected":false},"excerpt":{"rendered":"<p>Portfel wykonany ze sk\u00f3ry bydl\u0119cej, r\u0119cznie szyty i t\u0142oczony. \u0141a\u0144cuch pleciony r\u0119cznie, d\u0142ugo\u015bci 38 cm. -kieszonka na bilon -7 przegr\u00f3dek na karty -2 przegr\u00f3dki na banknoty 18 x 9,5 x 1cm<\/p>\n","protected":false},"featured_media":548,"template":"","meta":[],"product_brand":[],"product_cat":[20],"product_tag":[],"class_list":{"0":"post-547","1":"product","2":"type-product","3":"status-publish","4":"has-post-thumbnail","6":"product_cat-portfele","7":"product_shipping_class-portfel","9":"first","10":"onbackorder","11":"shipping-taxable","12":"purchasable","13":"product-type-simple"},"_links":{"self":[{"href":"https:\/\/leatherandbones.pl\/index.php?rest_route=\/wp\/v2\/product\/547","targetHints":{"allow":["GET"]}}],"collection":[{"href":"https:\/\/leatherandbones.pl\/index.php?rest_route=\/wp\/v2\/product"}],"about":[{"href":"https:\/\/leatherandbones.pl\/index.php?rest_route=\/wp\/v2\/types\/product"}],"wp:featuredmedia":[{"embeddable":true,"href":"https:\/\/leatherandbones.pl\/index.php?rest_route=\/wp\/v2\/media\/548"}],"wp:attachment":[{"href":"https:\/\/leatherandbones.pl\/index.php?rest_route=%2Fwp%2Fv2%2Fmedia&parent=547"}],"wp:term":[{"taxonomy":"product_brand","embeddable":true,"href":"https:\/\/leatherandbones.pl\/index.php?rest_route=%2Fwp%2Fv2%2Fproduct_brand&post=547"},{"taxonomy":"product_cat","embeddable":true,"href":"https:\/\/leatherandbones.pl\/index.php?rest_route=%2Fwp%2Fv2%2Fproduct_cat&post=547"},{"taxonomy":"product_tag","embeddable":true,"href":"https:\/\/leatherandbones.pl\/index.php?rest_route=%2Fwp%2Fv2%2Fproduct_tag&post=547"}],"curies":[{"name":"wp","href":"https:\/\/api.w.org\/{rel}","templated":true}]}}