{"id":616,"date":"2024-12-08T21:24:56","date_gmt":"2024-12-08T20:24:56","guid":{"rendered":"https:\/\/leatherandbones.pl\/?post_type=product&#038;p=616"},"modified":"2025-02-05T10:54:49","modified_gmt":"2025-02-05T09:54:49","slug":"bransoleta-4","status":"publish","type":"product","link":"https:\/\/leatherandbones.pl\/?product=bransoleta-4","title":{"rendered":"Bransoleta 4"},"content":{"rendered":"<p>Bransoleta sk\u00f3rzana, r\u0119cznie t\u0142oczona.<\/p>\n<p>szeroko\u015b\u0107 3,3 cm<\/p>\n<p>Obw\u00f3d nadgarstka 17,5-19 cm<\/p>\n","protected":false},"excerpt":{"rendered":"<p>Bransoleta sk\u00f3rzana, r\u0119cznie t\u0142oczona. szeroko\u015b\u0107 3,3 cm Obw\u00f3d nadgarstka 17,5-19 cm<\/p>\n","protected":false},"featured_media":617,"template":"","meta":[],"product_brand":[],"product_cat":[28],"product_tag":[],"class_list":{"0":"post-616","1":"product","2":"type-product","3":"status-publish","4":"has-post-thumbnail","6":"product_cat-bransolety","7":"product_shipping_class-bransolety","9":"first","10":"instock","11":"shipping-taxable","12":"purchasable","13":"product-type-simple"},"_links":{"self":[{"href":"https:\/\/leatherandbones.pl\/index.php?rest_route=\/wp\/v2\/product\/616","targetHints":{"allow":["GET"]}}],"collection":[{"href":"https:\/\/leatherandbones.pl\/index.php?rest_route=\/wp\/v2\/product"}],"about":[{"href":"https:\/\/leatherandbones.pl\/index.php?rest_route=\/wp\/v2\/types\/product"}],"wp:featuredmedia":[{"embeddable":true,"href":"https:\/\/leatherandbones.pl\/index.php?rest_route=\/wp\/v2\/media\/617"}],"wp:attachment":[{"href":"https:\/\/leatherandbones.pl\/index.php?rest_route=%2Fwp%2Fv2%2Fmedia&parent=616"}],"wp:term":[{"taxonomy":"product_brand","embeddable":true,"href":"https:\/\/leatherandbones.pl\/index.php?rest_route=%2Fwp%2Fv2%2Fproduct_brand&post=616"},{"taxonomy":"product_cat","embeddable":true,"href":"https:\/\/leatherandbones.pl\/index.php?rest_route=%2Fwp%2Fv2%2Fproduct_cat&post=616"},{"taxonomy":"product_tag","embeddable":true,"href":"https:\/\/leatherandbones.pl\/index.php?rest_route=%2Fwp%2Fv2%2Fproduct_tag&post=616"}],"curies":[{"name":"wp","href":"https:\/\/api.w.org\/{rel}","templated":true}]}}