{"id":656,"date":"2024-12-08T21:56:11","date_gmt":"2024-12-08T20:56:11","guid":{"rendered":"https:\/\/leatherandbones.pl\/?post_type=product&#038;p=656"},"modified":"2025-02-04T23:37:27","modified_gmt":"2025-02-04T22:37:27","slug":"nerka-torebka-mouse","status":"publish","type":"product","link":"https:\/\/leatherandbones.pl\/?product=nerka-torebka-mouse","title":{"rendered":"Nerka Torebka Mouse"},"content":{"rendered":"<p>Saszetka\/nerka<\/p>\n<p>Wykonana ze sk\u00f3ry bydl\u0119cej, r\u0119cznie szyta i t\u0142oczona.<\/p>\n<p>D\u0142ugo\u015b\u0107 ca\u0142kowita 36 cm, u\u017cytkowa 23 cm<\/p>\n<p>Szeroko\u015b\u0107 5 cm<\/p>\n<p>Wysoko\u015b\u0107 15 cm<\/p>\n<p>&nbsp;<\/p>\n","protected":false},"excerpt":{"rendered":"<p>Saszetka\/nerka Wykonana ze sk\u00f3ry bydl\u0119cej, r\u0119cznie szyta i t\u0142oczona. D\u0142ugo\u015b\u0107 ca\u0142kowita 36 cm, u\u017cytkowa 23 cm Szeroko\u015b\u0107 5 cm Wysoko\u015b\u0107 15 cm &nbsp;<\/p>\n","protected":false},"featured_media":657,"template":"","meta":[],"product_brand":[],"product_cat":[22],"product_tag":[],"class_list":{"0":"post-656","1":"product","2":"type-product","3":"status-publish","4":"has-post-thumbnail","6":"product_cat-saszetki","7":"product_shipping_class-saszetki","9":"first","10":"instock","11":"shipping-taxable","12":"purchasable","13":"product-type-simple"},"_links":{"self":[{"href":"https:\/\/leatherandbones.pl\/index.php?rest_route=\/wp\/v2\/product\/656","targetHints":{"allow":["GET"]}}],"collection":[{"href":"https:\/\/leatherandbones.pl\/index.php?rest_route=\/wp\/v2\/product"}],"about":[{"href":"https:\/\/leatherandbones.pl\/index.php?rest_route=\/wp\/v2\/types\/product"}],"wp:featuredmedia":[{"embeddable":true,"href":"https:\/\/leatherandbones.pl\/index.php?rest_route=\/wp\/v2\/media\/657"}],"wp:attachment":[{"href":"https:\/\/leatherandbones.pl\/index.php?rest_route=%2Fwp%2Fv2%2Fmedia&parent=656"}],"wp:term":[{"taxonomy":"product_brand","embeddable":true,"href":"https:\/\/leatherandbones.pl\/index.php?rest_route=%2Fwp%2Fv2%2Fproduct_brand&post=656"},{"taxonomy":"product_cat","embeddable":true,"href":"https:\/\/leatherandbones.pl\/index.php?rest_route=%2Fwp%2Fv2%2Fproduct_cat&post=656"},{"taxonomy":"product_tag","embeddable":true,"href":"https:\/\/leatherandbones.pl\/index.php?rest_route=%2Fwp%2Fv2%2Fproduct_tag&post=656"}],"curies":[{"name":"wp","href":"https:\/\/api.w.org\/{rel}","templated":true}]}}