{"id":992,"date":"2025-03-30T18:26:54","date_gmt":"2025-03-30T16:26:54","guid":{"rendered":"https:\/\/leatherandbones.pl\/?post_type=product&#038;p=992"},"modified":"2025-03-30T19:05:42","modified_gmt":"2025-03-30T17:05:42","slug":"portfel-klasyczny-maly-prayer","status":"publish","type":"product","link":"https:\/\/leatherandbones.pl\/?product=portfel-klasyczny-maly-prayer","title":{"rendered":"Portfel klasyczny ma\u0142y &#8222;Prayer&#8221;"},"content":{"rendered":"<p>Portfel sk\u00f3ra naturalna bydl\u0119ca.<\/p>\n<p>Wymiary 10 x 12 cm<\/p>\n<p>&nbsp;<\/p>\n","protected":false},"excerpt":{"rendered":"<p>Portfel sk\u00f3ra naturalna bydl\u0119ca. Wymiary 10 x 12 cm &nbsp;<\/p>\n","protected":false},"featured_media":993,"template":"","meta":[],"product_brand":[],"product_cat":[20],"product_tag":[],"class_list":{"0":"post-992","1":"product","2":"type-product","3":"status-publish","4":"has-post-thumbnail","6":"product_cat-portfele","7":"product_shipping_class-portfel","9":"first","10":"instock","11":"shipping-taxable","12":"purchasable","13":"product-type-simple"},"_links":{"self":[{"href":"https:\/\/leatherandbones.pl\/index.php?rest_route=\/wp\/v2\/product\/992","targetHints":{"allow":["GET"]}}],"collection":[{"href":"https:\/\/leatherandbones.pl\/index.php?rest_route=\/wp\/v2\/product"}],"about":[{"href":"https:\/\/leatherandbones.pl\/index.php?rest_route=\/wp\/v2\/types\/product"}],"wp:featuredmedia":[{"embeddable":true,"href":"https:\/\/leatherandbones.pl\/index.php?rest_route=\/wp\/v2\/media\/993"}],"wp:attachment":[{"href":"https:\/\/leatherandbones.pl\/index.php?rest_route=%2Fwp%2Fv2%2Fmedia&parent=992"}],"wp:term":[{"taxonomy":"product_brand","embeddable":true,"href":"https:\/\/leatherandbones.pl\/index.php?rest_route=%2Fwp%2Fv2%2Fproduct_brand&post=992"},{"taxonomy":"product_cat","embeddable":true,"href":"https:\/\/leatherandbones.pl\/index.php?rest_route=%2Fwp%2Fv2%2Fproduct_cat&post=992"},{"taxonomy":"product_tag","embeddable":true,"href":"https:\/\/leatherandbones.pl\/index.php?rest_route=%2Fwp%2Fv2%2Fproduct_tag&post=992"}],"curies":[{"name":"wp","href":"https:\/\/api.w.org\/{rel}","templated":true}]}}